{"id":9319,"date":"2025-07-29T09:00:14","date_gmt":"2025-07-29T07:00:14","guid":{"rendered":"https:\/\/krakow.piwnespa.com\/damska-jizda-v-pivnich-laznich-v-centru-zakopaneho\/"},"modified":"2025-11-04T14:38:36","modified_gmt":"2025-11-04T13:38:36","slug":"damska-jizda-v-pivnich-laznich-v-centru-zakopaneho","status":"publish","type":"page","link":"https:\/\/krakow.piwnespa.com\/cs\/pro-skupiny\/damska-jizda-v-pivnich-laznich-v-centru-zakopaneho\/","title":{"rendered":"D\u00e1msk\u00e1 j\u00edzda v pivn\u00edch l\u00e1zn\u00edch v centru Krakova"},"content":{"rendered":"","protected":false},"excerpt":{"rendered":"","protected":false},"author":3,"featured_media":9321,"parent":9395,"menu_order":0,"comment_status":"closed","ping_status":"closed","template":"","meta":{"_acf_changed":false,"footnotes":""},"class_list":["post-9319","page","type-page","status-publish","has-post-thumbnail","hentry"],"acf":[],"_links":{"self":[{"href":"https:\/\/krakow.piwnespa.com\/cs\/wp-json\/wp\/v2\/pages\/9319","targetHints":{"allow":["GET"]}}],"collection":[{"href":"https:\/\/krakow.piwnespa.com\/cs\/wp-json\/wp\/v2\/pages"}],"about":[{"href":"https:\/\/krakow.piwnespa.com\/cs\/wp-json\/wp\/v2\/types\/page"}],"author":[{"embeddable":true,"href":"https:\/\/krakow.piwnespa.com\/cs\/wp-json\/wp\/v2\/users\/3"}],"replies":[{"embeddable":true,"href":"https:\/\/krakow.piwnespa.com\/cs\/wp-json\/wp\/v2\/comments?post=9319"}],"version-history":[{"count":6,"href":"https:\/\/krakow.piwnespa.com\/cs\/wp-json\/wp\/v2\/pages\/9319\/revisions"}],"predecessor-version":[{"id":16183,"href":"https:\/\/krakow.piwnespa.com\/cs\/wp-json\/wp\/v2\/pages\/9319\/revisions\/16183"}],"up":[{"embeddable":true,"href":"https:\/\/krakow.piwnespa.com\/cs\/wp-json\/wp\/v2\/pages\/9395"}],"wp:featuredmedia":[{"embeddable":true,"href":"https:\/\/krakow.piwnespa.com\/cs\/wp-json\/wp\/v2\/media\/9321"}],"wp:attachment":[{"href":"https:\/\/krakow.piwnespa.com\/cs\/wp-json\/wp\/v2\/media?parent=9319"}],"curies":[{"name":"wp","href":"https:\/\/api.w.org\/{rel}","templated":true}]}}