{"id":9234,"date":"2025-07-18T07:20:00","date_gmt":"2025-07-18T05:20:00","guid":{"rendered":"https:\/\/krakow.piwnespa.com\/rezervace-navstevy-pivnich-lazni-v-zakopanem\/"},"modified":"2025-11-04T14:38:02","modified_gmt":"2025-11-04T13:38:02","slug":"rezervace-navstevy-pivnich-lazni-v-zakopanem","status":"publish","type":"page","link":"https:\/\/krakow.piwnespa.com\/cs\/rezervace-navstevy-pivnich-lazni-v-zakopanem\/","title":{"rendered":"Rezervace n\u00e1v\u0161t\u011bvy Pivn\u00edch l\u00e1zn\u00ed v Krakov\u011b"},"content":{"rendered":"","protected":false},"excerpt":{"rendered":"","protected":false},"author":2,"featured_media":9051,"parent":0,"menu_order":0,"comment_status":"closed","ping_status":"closed","template":"","meta":{"_acf_changed":false,"footnotes":""},"class_list":["post-9234","page","type-page","status-publish","has-post-thumbnail","hentry"],"acf":[],"_links":{"self":[{"href":"https:\/\/krakow.piwnespa.com\/cs\/wp-json\/wp\/v2\/pages\/9234","targetHints":{"allow":["GET"]}}],"collection":[{"href":"https:\/\/krakow.piwnespa.com\/cs\/wp-json\/wp\/v2\/pages"}],"about":[{"href":"https:\/\/krakow.piwnespa.com\/cs\/wp-json\/wp\/v2\/types\/page"}],"author":[{"embeddable":true,"href":"https:\/\/krakow.piwnespa.com\/cs\/wp-json\/wp\/v2\/users\/2"}],"replies":[{"embeddable":true,"href":"https:\/\/krakow.piwnespa.com\/cs\/wp-json\/wp\/v2\/comments?post=9234"}],"version-history":[{"count":1,"href":"https:\/\/krakow.piwnespa.com\/cs\/wp-json\/wp\/v2\/pages\/9234\/revisions"}],"predecessor-version":[{"id":16142,"href":"https:\/\/krakow.piwnespa.com\/cs\/wp-json\/wp\/v2\/pages\/9234\/revisions\/16142"}],"wp:featuredmedia":[{"embeddable":true,"href":"https:\/\/krakow.piwnespa.com\/cs\/wp-json\/wp\/v2\/media\/9051"}],"wp:attachment":[{"href":"https:\/\/krakow.piwnespa.com\/cs\/wp-json\/wp\/v2\/media?parent=9234"}],"curies":[{"name":"wp","href":"https:\/\/api.w.org\/{rel}","templated":true}]}}