{"id":9089,"date":"2025-07-18T03:01:32","date_gmt":"2025-07-18T01:01:32","guid":{"rendered":"https:\/\/krakow.piwnespa.com\/vlastnosti-koupeli-v-pivnich-laznich\/"},"modified":"2025-07-18T03:01:32","modified_gmt":"2025-07-18T01:01:32","slug":"vlastnosti-koupeli-v-pivnich-laznich","status":"publish","type":"page","link":"https:\/\/krakow.piwnespa.com\/cs\/vlastnosti-koupeli-v-pivnich-laznich\/","title":{"rendered":"Vlastnosti koupel\u00ed v Pivn\u00edch l\u00e1zn\u00edch"},"content":{"rendered":"","protected":false},"excerpt":{"rendered":"","protected":false},"author":2,"featured_media":8256,"parent":0,"menu_order":0,"comment_status":"closed","ping_status":"closed","template":"","meta":{"_acf_changed":false,"footnotes":""},"class_list":["post-9089","page","type-page","status-publish","has-post-thumbnail","hentry"],"acf":[],"_links":{"self":[{"href":"https:\/\/krakow.piwnespa.com\/cs\/wp-json\/wp\/v2\/pages\/9089","targetHints":{"allow":["GET"]}}],"collection":[{"href":"https:\/\/krakow.piwnespa.com\/cs\/wp-json\/wp\/v2\/pages"}],"about":[{"href":"https:\/\/krakow.piwnespa.com\/cs\/wp-json\/wp\/v2\/types\/page"}],"author":[{"embeddable":true,"href":"https:\/\/krakow.piwnespa.com\/cs\/wp-json\/wp\/v2\/users\/2"}],"replies":[{"embeddable":true,"href":"https:\/\/krakow.piwnespa.com\/cs\/wp-json\/wp\/v2\/comments?post=9089"}],"version-history":[{"count":0,"href":"https:\/\/krakow.piwnespa.com\/cs\/wp-json\/wp\/v2\/pages\/9089\/revisions"}],"wp:featuredmedia":[{"embeddable":true,"href":"https:\/\/krakow.piwnespa.com\/cs\/wp-json\/wp\/v2\/media\/8256"}],"wp:attachment":[{"href":"https:\/\/krakow.piwnespa.com\/cs\/wp-json\/wp\/v2\/media?parent=9089"}],"curies":[{"name":"wp","href":"https:\/\/api.w.org\/{rel}","templated":true}]}}